{"id":9,"date":"2021-10-14T22:34:05","date_gmt":"2021-10-14T22:34:05","guid":{"rendered":"https:\/\/www.zazobanka.cz\/?page_id=9"},"modified":"2021-10-14T23:10:31","modified_gmt":"2021-10-14T23:10:31","slug":"domu","status":"publish","type":"page","link":"https:\/\/www.zazobanka.cz\/","title":{"rendered":"Dom\u016f"},"content":{"rendered":"\n<p>V\u00edtejte na m\u00e9m webu! Jste tady \u00fapln\u011b zbyte\u010dn\u011b. Tot\u00e1ln\u00ed ztr\u00e1ta \u010dasu. Jestli se chcete dozv\u011bd\u011bt n\u011bco chytr\u00fdho, tak b\u011b\u017ete na wikipedii.<\/p>\n","protected":false},"excerpt":{"rendered":"<p>V\u00edtejte na m\u00e9m webu! Jste tady \u00fapln\u011b zbyte\u010dn\u011b. Tot\u00e1ln\u00ed ztr\u00e1ta \u010dasu. Jestli se chcete dozv\u011bd\u011bt n\u011bco chytr\u00fdho, tak b\u011b\u017ete na wikipedii.<\/p>\n","protected":false},"author":1,"featured_media":50,"parent":0,"menu_order":0,"comment_status":"closed","ping_status":"closed","template":"","meta":[],"yoast_head":"<!-- This site is optimized with the Yoast SEO plugin v20.6 - https:\/\/yoast.com\/wordpress\/plugins\/seo\/ -->\n<title>Dom\u016f - zazobanka.cz<\/title>\n<meta name=\"robots\" content=\"index, follow, max-snippet:-1, max-image-preview:large, max-video-preview:-1\" \/>\n<link rel=\"canonical\" href=\"https:\/\/www.zazobanka.cz\/\" \/>\n<meta property=\"og:locale\" content=\"cs_CZ\" \/>\n<meta property=\"og:type\" content=\"article\" \/>\n<meta property=\"og:title\" content=\"Dom\u016f - zazobanka.cz\" \/>\n<meta property=\"og:description\" content=\"V\u00edtejte na m\u00e9m webu! Jste tady \u00fapln\u011b zbyte\u010dn\u011b. Tot\u00e1ln\u00ed ztr\u00e1ta \u010dasu. Jestli se chcete dozv\u011bd\u011bt n\u011bco chytr\u00fdho, tak b\u011b\u017ete na wikipedii.\" \/>\n<meta property=\"og:url\" content=\"https:\/\/www.zazobanka.cz\/\" \/>\n<meta property=\"og:site_name\" content=\"zazobanka.cz\" \/>\n<meta property=\"article:modified_time\" content=\"2021-10-14T23:10:31+00:00\" \/>\n<meta property=\"og:image\" content=\"https:\/\/www.zazobanka.cz\/wp-content\/uploads\/2021\/10\/img_22.jpeg\" \/>\n\t<meta property=\"og:image:width\" content=\"1545\" \/>\n\t<meta property=\"og:image:height\" content=\"1024\" \/>\n\t<meta property=\"og:image:type\" content=\"image\/jpeg\" \/>\n<meta name=\"twitter:card\" content=\"summary_large_image\" \/>\n<script type=\"application\/ld+json\" class=\"yoast-schema-graph\">{\"@context\":\"https:\/\/schema.org\",\"@graph\":[{\"@type\":\"WebPage\",\"@id\":\"https:\/\/www.zazobanka.cz\/\",\"url\":\"https:\/\/www.zazobanka.cz\/\",\"name\":\"Dom\u016f - zazobanka.cz\",\"isPartOf\":{\"@id\":\"https:\/\/www.zazobanka.cz\/#website\"},\"datePublished\":\"2021-10-14T22:34:05+00:00\",\"dateModified\":\"2021-10-14T23:10:31+00:00\",\"breadcrumb\":{\"@id\":\"https:\/\/www.zazobanka.cz\/#breadcrumb\"},\"inLanguage\":\"cs\",\"potentialAction\":[{\"@type\":\"ReadAction\",\"target\":[\"https:\/\/www.zazobanka.cz\/\"]}]},{\"@type\":\"BreadcrumbList\",\"@id\":\"https:\/\/www.zazobanka.cz\/#breadcrumb\",\"itemListElement\":[{\"@type\":\"ListItem\",\"position\":1,\"name\":\"Dom\u016f\",\"item\":\"https:\/\/www.zazobanka.cz\/\"},{\"@type\":\"ListItem\",\"position\":2,\"name\":\"Dom\u016f\"}]},{\"@type\":\"WebSite\",\"@id\":\"https:\/\/www.zazobanka.cz\/#website\",\"url\":\"https:\/\/www.zazobanka.cz\/\",\"name\":\"zazobanka.cz\",\"description\":\"Jen dal\u0161\u00ed \u0161\u00edlenej web s neur\u010dit\u00fdm obsahem\",\"potentialAction\":[{\"@type\":\"SearchAction\",\"target\":{\"@type\":\"EntryPoint\",\"urlTemplate\":\"https:\/\/www.zazobanka.cz\/?s={search_term_string}\"},\"query-input\":\"required name=search_term_string\"}],\"inLanguage\":\"cs\"}]}<\/script>\n<!-- \/ Yoast SEO plugin. -->","yoast_head_json":{"title":"Dom\u016f - zazobanka.cz","robots":{"index":"index","follow":"follow","max-snippet":"max-snippet:-1","max-image-preview":"max-image-preview:large","max-video-preview":"max-video-preview:-1"},"canonical":"https:\/\/www.zazobanka.cz\/","og_locale":"cs_CZ","og_type":"article","og_title":"Dom\u016f - zazobanka.cz","og_description":"V\u00edtejte na m\u00e9m webu! Jste tady \u00fapln\u011b zbyte\u010dn\u011b. Tot\u00e1ln\u00ed ztr\u00e1ta \u010dasu. Jestli se chcete dozv\u011bd\u011bt n\u011bco chytr\u00fdho, tak b\u011b\u017ete na wikipedii.","og_url":"https:\/\/www.zazobanka.cz\/","og_site_name":"zazobanka.cz","article_modified_time":"2021-10-14T23:10:31+00:00","og_image":[{"width":1545,"height":1024,"url":"https:\/\/www.zazobanka.cz\/wp-content\/uploads\/2021\/10\/img_22.jpeg","type":"image\/jpeg"}],"twitter_card":"summary_large_image","schema":{"@context":"https:\/\/schema.org","@graph":[{"@type":"WebPage","@id":"https:\/\/www.zazobanka.cz\/","url":"https:\/\/www.zazobanka.cz\/","name":"Dom\u016f - zazobanka.cz","isPartOf":{"@id":"https:\/\/www.zazobanka.cz\/#website"},"datePublished":"2021-10-14T22:34:05+00:00","dateModified":"2021-10-14T23:10:31+00:00","breadcrumb":{"@id":"https:\/\/www.zazobanka.cz\/#breadcrumb"},"inLanguage":"cs","potentialAction":[{"@type":"ReadAction","target":["https:\/\/www.zazobanka.cz\/"]}]},{"@type":"BreadcrumbList","@id":"https:\/\/www.zazobanka.cz\/#breadcrumb","itemListElement":[{"@type":"ListItem","position":1,"name":"Dom\u016f","item":"https:\/\/www.zazobanka.cz\/"},{"@type":"ListItem","position":2,"name":"Dom\u016f"}]},{"@type":"WebSite","@id":"https:\/\/www.zazobanka.cz\/#website","url":"https:\/\/www.zazobanka.cz\/","name":"zazobanka.cz","description":"Jen dal\u0161\u00ed \u0161\u00edlenej web s neur\u010dit\u00fdm obsahem","potentialAction":[{"@type":"SearchAction","target":{"@type":"EntryPoint","urlTemplate":"https:\/\/www.zazobanka.cz\/?s={search_term_string}"},"query-input":"required name=search_term_string"}],"inLanguage":"cs"}]}},"_links":{"self":[{"href":"https:\/\/www.zazobanka.cz\/index.php\/wp-json\/wp\/v2\/pages\/9"}],"collection":[{"href":"https:\/\/www.zazobanka.cz\/index.php\/wp-json\/wp\/v2\/pages"}],"about":[{"href":"https:\/\/www.zazobanka.cz\/index.php\/wp-json\/wp\/v2\/types\/page"}],"author":[{"embeddable":true,"href":"https:\/\/www.zazobanka.cz\/index.php\/wp-json\/wp\/v2\/users\/1"}],"replies":[{"embeddable":true,"href":"https:\/\/www.zazobanka.cz\/index.php\/wp-json\/wp\/v2\/comments?post=9"}],"version-history":[{"count":2,"href":"https:\/\/www.zazobanka.cz\/index.php\/wp-json\/wp\/v2\/pages\/9\/revisions"}],"predecessor-version":[{"id":40,"href":"https:\/\/www.zazobanka.cz\/index.php\/wp-json\/wp\/v2\/pages\/9\/revisions\/40"}],"wp:featuredmedia":[{"embeddable":true,"href":"https:\/\/www.zazobanka.cz\/index.php\/wp-json\/wp\/v2\/media\/50"}],"wp:attachment":[{"href":"https:\/\/www.zazobanka.cz\/index.php\/wp-json\/wp\/v2\/media?parent=9"}],"curies":[{"name":"wp","href":"https:\/\/api.w.org\/{rel}","templated":true}]}}